{"id":11818,"date":"2024-09-23T08:00:14","date_gmt":"2024-09-23T07:00:14","guid":{"rendered":"https:\/\/neoskinspecialitycentre.com\/?page_id=11818"},"modified":"2026-03-23T23:18:43","modified_gmt":"2026-03-23T23:18:43","slug":"find-doctor","status":"publish","type":"page","link":"https:\/\/neoskinspecialitycentre.com\/index.php\/find-doctor\/","title":{"rendered":"Find Doctor"},"content":{"rendered":"\t\t<div data-elementor-type=\"wp-page\" data-elementor-id=\"11818\" class=\"elementor elementor-11818\">\n\t\t\t\t\t\t\t\t\t<div class=\"elementor-section elementor-top-section elementor-element elementor-element-32a710b elementor-section-boxed elementor-section-height-default elementor-section-height-default\" data-id=\"32a710b\" data-element_type=\"section\" data-settings=\"{&quot;animation&quot;:&quot;none&quot;}\">\n\t\t\t\t\t\t<div class=\"elementor-container elementor-column-gap-default\">\n\t\t\t\t\t<div class=\"elementor-column elementor-col-100 elementor-top-column elementor-element elementor-element-8f29e15\" data-id=\"8f29e15\" data-element_type=\"column\">\n\t\t\t<div class=\"elementor-widget-wrap\">\n\t\t\t\t\t\t\t\t\t<\/div>\n\t\t<\/div>\n\t\t\t\t\t\t\t<\/div>\n\t\t<\/div>\n\t\t<div class=\"elementor-element elementor-element-7abe484 e-flex e-con-boxed e-con e-parent\" data-id=\"7abe484\" data-element_type=\"container\" data-settings=\"{&quot;content_width&quot;:&quot;boxed&quot;}\" data-core-v316-plus=\"true\">\n\t\t\t\t\t<div class=\"e-con-inner\">\n\t\t\t\t<div class=\"elementor-element elementor-element-3cc0b89 elementor-widget elementor-widget-heading\" data-id=\"3cc0b89\" data-element_type=\"widget\" data-widget_type=\"heading.default\">\n\t\t\t\t<div class=\"elementor-widget-container\">\n\t\t\t<style>\/*! elementor - v3.17.0 - 08-11-2023 *\/\n.elementor-heading-title{padding:0;margin:0;line-height:1}.elementor-widget-heading .elementor-heading-title[class*=elementor-size-]>a{color:inherit;font-size:inherit;line-height:inherit}.elementor-widget-heading .elementor-heading-title.elementor-size-small{font-size:15px}.elementor-widget-heading .elementor-heading-title.elementor-size-medium{font-size:19px}.elementor-widget-heading .elementor-heading-title.elementor-size-large{font-size:29px}.elementor-widget-heading .elementor-heading-title.elementor-size-xl{font-size:39px}.elementor-widget-heading .elementor-heading-title.elementor-size-xxl{font-size:59px}<\/style><h2 class=\"elementor-heading-title elementor-size-default\"><h2 style=\"margin-top: 0px; margin-right: 0px; margin-left: 0px; font-weight: 600; line-height: 1.3; font-size: 54px; font-family: Fraunces; color: rgb(42, 42, 42); text-align: center; white-space-collapse: collapse;\">We find the best doctor for you.<br>Register Online Before You Arrive<\/h2><\/h2>\t\t<\/div>\n\t\t\t\t<\/div>\n\t\t\t\t<div class=\"elementor-element elementor-element-eddceec elementor-widget elementor-widget-text-editor\" data-id=\"eddceec\" data-element_type=\"widget\" data-widget_type=\"text-editor.default\">\n\t\t\t\t<div class=\"elementor-widget-container\">\n\t\t\t<style>\/*! elementor - v3.17.0 - 08-11-2023 *\/\n.elementor-widget-text-editor.elementor-drop-cap-view-stacked .elementor-drop-cap{background-color:#69727d;color:#fff}.elementor-widget-text-editor.elementor-drop-cap-view-framed .elementor-drop-cap{color:#69727d;border:3px solid;background-color:transparent}.elementor-widget-text-editor:not(.elementor-drop-cap-view-default) .elementor-drop-cap{margin-top:8px}.elementor-widget-text-editor:not(.elementor-drop-cap-view-default) .elementor-drop-cap-letter{width:1em;height:1em}.elementor-widget-text-editor .elementor-drop-cap{float:left;text-align:center;line-height:1;font-size:50px}.elementor-widget-text-editor .elementor-drop-cap-letter{display:inline-block}<\/style>\t\t\t\t<p>Our team of highly trained doctors have over 30 years<\/p>\t\t\t\t\t\t<\/div>\n\t\t\t\t<\/div>\n\t\t\t\t<div class=\"elementor-element elementor-element-613225b elementor-widget-divider--view-line elementor-widget elementor-widget-divider\" data-id=\"613225b\" data-element_type=\"widget\" data-widget_type=\"divider.default\">\n\t\t\t\t<div class=\"elementor-widget-container\">\n\t\t\t<style>\/*! elementor - v3.17.0 - 08-11-2023 *\/\n.elementor-widget-divider{--divider-border-style:none;--divider-border-width:1px;--divider-color:#0c0d0e;--divider-icon-size:20px;--divider-element-spacing:10px;--divider-pattern-height:24px;--divider-pattern-size:20px;--divider-pattern-url:none;--divider-pattern-repeat:repeat-x}.elementor-widget-divider .elementor-divider{display:flex}.elementor-widget-divider .elementor-divider__text{font-size:15px;line-height:1;max-width:95%}.elementor-widget-divider .elementor-divider__element{margin:0 var(--divider-element-spacing);flex-shrink:0}.elementor-widget-divider .elementor-icon{font-size:var(--divider-icon-size)}.elementor-widget-divider .elementor-divider-separator{display:flex;margin:0;direction:ltr}.elementor-widget-divider--view-line_icon .elementor-divider-separator,.elementor-widget-divider--view-line_text .elementor-divider-separator{align-items:center}.elementor-widget-divider--view-line_icon .elementor-divider-separator:after,.elementor-widget-divider--view-line_icon .elementor-divider-separator:before,.elementor-widget-divider--view-line_text .elementor-divider-separator:after,.elementor-widget-divider--view-line_text .elementor-divider-separator:before{display:block;content:\"\";border-bottom:0;flex-grow:1;border-top:var(--divider-border-width) var(--divider-border-style) var(--divider-color)}.elementor-widget-divider--element-align-left .elementor-divider .elementor-divider-separator>.elementor-divider__svg:first-of-type{flex-grow:0;flex-shrink:100}.elementor-widget-divider--element-align-left .elementor-divider-separator:before{content:none}.elementor-widget-divider--element-align-left .elementor-divider__element{margin-left:0}.elementor-widget-divider--element-align-right .elementor-divider .elementor-divider-separator>.elementor-divider__svg:last-of-type{flex-grow:0;flex-shrink:100}.elementor-widget-divider--element-align-right .elementor-divider-separator:after{content:none}.elementor-widget-divider--element-align-right .elementor-divider__element{margin-right:0}.elementor-widget-divider:not(.elementor-widget-divider--view-line_text):not(.elementor-widget-divider--view-line_icon) .elementor-divider-separator{border-top:var(--divider-border-width) var(--divider-border-style) var(--divider-color)}.elementor-widget-divider--separator-type-pattern{--divider-border-style:none}.elementor-widget-divider--separator-type-pattern.elementor-widget-divider--view-line .elementor-divider-separator,.elementor-widget-divider--separator-type-pattern:not(.elementor-widget-divider--view-line) .elementor-divider-separator:after,.elementor-widget-divider--separator-type-pattern:not(.elementor-widget-divider--view-line) .elementor-divider-separator:before,.elementor-widget-divider--separator-type-pattern:not([class*=elementor-widget-divider--view]) .elementor-divider-separator{width:100%;min-height:var(--divider-pattern-height);-webkit-mask-size:var(--divider-pattern-size) 100%;mask-size:var(--divider-pattern-size) 100%;-webkit-mask-repeat:var(--divider-pattern-repeat);mask-repeat:var(--divider-pattern-repeat);background-color:var(--divider-color);-webkit-mask-image:var(--divider-pattern-url);mask-image:var(--divider-pattern-url)}.elementor-widget-divider--no-spacing{--divider-pattern-size:auto}.elementor-widget-divider--bg-round{--divider-pattern-repeat:round}.rtl .elementor-widget-divider .elementor-divider__text{direction:rtl}.e-con-inner>.elementor-widget-divider,.e-con>.elementor-widget-divider{width:var(--container-widget-width,100%);--flex-grow:var(--container-widget-flex-grow)}<\/style>\t\t<div class=\"elementor-divider\">\n\t\t\t<span class=\"elementor-divider-separator\">\n\t\t\t\t\t\t<\/span>\n\t\t<\/div>\n\t\t\t\t<\/div>\n\t\t\t\t<\/div>\n\t\t\t\t\t<\/div>\n\t\t\t\t<\/div>\n\t\t<div class=\"elementor-element elementor-element-fb33120 e-flex e-con-boxed e-con e-parent\" data-id=\"fb33120\" data-element_type=\"container\" data-settings=\"{&quot;content_width&quot;:&quot;boxed&quot;}\" data-core-v316-plus=\"true\">\n\t\t\t\t\t<div class=\"e-con-inner\">\n\t\t<div class=\"elementor-element elementor-element-5d5dc35 e-con-full e-flex e-con e-child\" data-id=\"5d5dc35\" data-element_type=\"container\" data-settings=\"{&quot;content_width&quot;:&quot;full&quot;}\">\n\t\t\t\t<div class=\"elementor-element elementor-element-524ee31 elementor-widget elementor-widget-heading\" data-id=\"524ee31\" data-element_type=\"widget\" data-widget_type=\"heading.default\">\n\t\t\t\t<div class=\"elementor-widget-container\">\n\t\t\t<h2 class=\"elementor-heading-title elementor-size-default\">PLEASE READ THROUGH THEIR PROFILES TO LEARN MORE.<\/h2>\t\t<\/div>\n\t\t\t\t<\/div>\n\t\t\t\t<\/div>\n\t\t<div class=\"elementor-element elementor-element-0b02113 e-con-full e-flex e-con e-child\" data-id=\"0b02113\" data-element_type=\"container\" data-settings=\"{&quot;content_width&quot;:&quot;full&quot;}\">\n\t\t\t\t<div class=\"elementor-element elementor-element-e6a3492 elementor-align-right elementor-widget elementor-widget-button\" data-id=\"e6a3492\" data-element_type=\"widget\" data-widget_type=\"button.default\">\n\t\t\t\t<div class=\"elementor-widget-container\">\n\t\t\t\t\t<div class=\"elementor-button-wrapper\">\n\t\t\t<a class=\"elementor-button elementor-button-link elementor-size-xs\" href=\"\">\n\t\t\t\t\t\t<span class=\"elementor-button-content-wrapper\">\n\t\t\t\t\t\t<span class=\"elementor-button-text\">Click here<\/span>\n\t\t<\/span>\n\t\t\t\t\t<\/a>\n\t\t<\/div>\n\t\t\t\t<\/div>\n\t\t\t\t<\/div>\n\t\t\t\t<\/div>\n\t\t\t\t\t<\/div>\n\t\t\t\t<\/div>\n\t\t<div class=\"elementor-element elementor-element-5750f67 e-flex e-con-boxed e-con e-parent\" data-id=\"5750f67\" data-element_type=\"container\" data-settings=\"{&quot;content_width&quot;:&quot;boxed&quot;}\" data-core-v316-plus=\"true\">\n\t\t\t\t\t<div class=\"e-con-inner\">\n\t\t<div class=\"elementor-element elementor-element-a7a5c28 e-con-full e-flex e-con e-child\" data-id=\"a7a5c28\" data-element_type=\"container\" data-settings=\"{&quot;content_width&quot;:&quot;full&quot;}\">\n\t\t\t\t<div class=\"elementor-element elementor-element-ea45a7d animated-slow elementor-widget elementor-widget-image\" data-id=\"ea45a7d\" data-element_type=\"widget\" data-settings=\"{&quot;_animation&quot;:&quot;none&quot;,&quot;_animation_delay&quot;:0}\" data-widget_type=\"image.default\">\n\t\t\t\t<div class=\"elementor-widget-container\">\n\t\t\t<style>\/*! elementor - v3.17.0 - 08-11-2023 *\/\n.elementor-widget-image{text-align:center}.elementor-widget-image a{display:inline-block}.elementor-widget-image a img[src$=\".svg\"]{width:48px}.elementor-widget-image img{vertical-align:middle;display:inline-block}<\/style>\t\t\t\t\t\t\t\t\t\t\t\t<img loading=\"lazy\" decoding=\"async\" width=\"900\" height=\"900\" src=\"https:\/\/neoskinspecialitycentre.com\/wp-content\/uploads\/2024\/09\/Gobinath-DR-1024x1024.jpg\" class=\"elementor-animation-shrink attachment-large size-large wp-image-11834\" alt=\"\" srcset=\"https:\/\/neoskinspecialitycentre.com\/wp-content\/uploads\/2024\/09\/Gobinath-DR-1024x1024.jpg 1024w, https:\/\/neoskinspecialitycentre.com\/wp-content\/uploads\/2024\/09\/Gobinath-DR-300x300.jpg 300w, https:\/\/neoskinspecialitycentre.com\/wp-content\/uploads\/2024\/09\/Gobinath-DR-150x150.jpg 150w, https:\/\/neoskinspecialitycentre.com\/wp-content\/uploads\/2024\/09\/Gobinath-DR-768x768.jpg 768w, https:\/\/neoskinspecialitycentre.com\/wp-content\/uploads\/2024\/09\/Gobinath-DR-1536x1536.jpg 1536w, https:\/\/neoskinspecialitycentre.com\/wp-content\/uploads\/2024\/09\/Gobinath-DR-2048x2048.jpg 2048w\" sizes=\"(max-width: 900px) 100vw, 900px\" \/>\t\t\t\t\t\t\t\t\t\t\t\t\t\t\t<\/div>\n\t\t\t\t<\/div>\n\t\t\t\t<div class=\"elementor-element elementor-element-ee32f5f elementor-widget elementor-widget-heading\" data-id=\"ee32f5f\" data-element_type=\"widget\" data-widget_type=\"heading.default\">\n\t\t\t\t<div class=\"elementor-widget-container\">\n\t\t\t<h3 class=\"elementor-heading-title elementor-size-default\">Prof. Dr. GOPINATH VPK<\/h3>\t\t<\/div>\n\t\t\t\t<\/div>\n\t\t\t\t<div class=\"elementor-element elementor-element-ffa3855 elementor-widget elementor-widget-text-editor\" data-id=\"ffa3855\" data-element_type=\"widget\" data-widget_type=\"text-editor.default\">\n\t\t\t\t<div class=\"elementor-widget-container\">\n\t\t\t\t\t\t\t<p><strong>MBBS, MD (DVL)<\/strong><\/p><p>MES Medical College<\/p><p>Chief Consultant Dermatologist<\/p>\t\t\t\t\t\t<\/div>\n\t\t\t\t<\/div>\n\t\t\t\t<\/div>\n\t\t<div class=\"elementor-element elementor-element-ae9954b e-con-full e-flex e-con e-child\" data-id=\"ae9954b\" data-element_type=\"container\" data-settings=\"{&quot;content_width&quot;:&quot;full&quot;}\">\n\t\t\t\t<div class=\"elementor-element elementor-element-9fc53eb elementor-widget elementor-widget-image\" data-id=\"9fc53eb\" data-element_type=\"widget\" data-widget_type=\"image.default\">\n\t\t\t\t<div class=\"elementor-widget-container\">\n\t\t\t\t\t\t\t\t\t\t\t\t\t\t\t\t<a href=\"https:\/\/www.instagram.com\/alirishadcm\/\">\n\t\t\t\t\t\t\t<img loading=\"lazy\" decoding=\"async\" width=\"900\" height=\"900\" src=\"https:\/\/neoskinspecialitycentre.com\/wp-content\/uploads\/2024\/09\/ALI-RISHAD-DR-1024x1024.jpg\" class=\"elementor-animation-shrink attachment-large size-large wp-image-11841\" alt=\"\" srcset=\"https:\/\/neoskinspecialitycentre.com\/wp-content\/uploads\/2024\/09\/ALI-RISHAD-DR-1024x1024.jpg 1024w, https:\/\/neoskinspecialitycentre.com\/wp-content\/uploads\/2024\/09\/ALI-RISHAD-DR-300x300.jpg 300w, https:\/\/neoskinspecialitycentre.com\/wp-content\/uploads\/2024\/09\/ALI-RISHAD-DR-150x150.jpg 150w, https:\/\/neoskinspecialitycentre.com\/wp-content\/uploads\/2024\/09\/ALI-RISHAD-DR-768x768.jpg 768w, https:\/\/neoskinspecialitycentre.com\/wp-content\/uploads\/2024\/09\/ALI-RISHAD-DR-1536x1536.jpg 1536w, https:\/\/neoskinspecialitycentre.com\/wp-content\/uploads\/2024\/09\/ALI-RISHAD-DR-2048x2048.jpg 2048w\" sizes=\"(max-width: 900px) 100vw, 900px\" \/>\t\t\t\t\t\t\t\t<\/a>\n\t\t\t\t\t\t\t\t\t\t\t\t\t\t\t<\/div>\n\t\t\t\t<\/div>\n\t\t\t\t<div class=\"elementor-element elementor-element-898860c elementor-widget elementor-widget-heading\" data-id=\"898860c\" data-element_type=\"widget\" data-widget_type=\"heading.default\">\n\t\t\t\t<div class=\"elementor-widget-container\">\n\t\t\t<h3 class=\"elementor-heading-title elementor-size-default\">Dr. ALI RISHAD CM<\/h3>\t\t<\/div>\n\t\t\t\t<\/div>\n\t\t\t\t<div class=\"elementor-element elementor-element-8580180 elementor-widget elementor-widget-text-editor\" data-id=\"8580180\" data-element_type=\"widget\" data-widget_type=\"text-editor.default\">\n\t\t\t\t<div class=\"elementor-widget-container\">\n\t\t\t\t\t\t\t<p><strong>MBBS, MD (DVL)<\/strong><\/p><p>Consultant Dermatologist &amp;<\/p><p>Hair Transplant Surgeon<\/p>\t\t\t\t\t\t<\/div>\n\t\t\t\t<\/div>\n\t\t\t\t<\/div>\n\t\t<div class=\"elementor-element elementor-element-47ec429 e-con-full e-flex e-con e-child\" data-id=\"47ec429\" data-element_type=\"container\" data-settings=\"{&quot;content_width&quot;:&quot;full&quot;}\">\n\t\t\t\t<div class=\"elementor-element elementor-element-67b33be elementor-widget elementor-widget-image\" data-id=\"67b33be\" data-element_type=\"widget\" data-widget_type=\"image.default\">\n\t\t\t\t<div class=\"elementor-widget-container\">\n\t\t\t\t\t\t\t\t\t\t\t\t\t\t\t\t<a href=\"https:\/\/www.instagram.com\/razilahamed\/\">\n\t\t\t\t\t\t\t<img loading=\"lazy\" decoding=\"async\" width=\"900\" height=\"900\" src=\"https:\/\/neoskinspecialitycentre.com\/wp-content\/uploads\/2024\/09\/C-SOMANATHAN-1024x1024.jpg\" class=\"elementor-animation-shrink attachment-large size-large wp-image-11870\" alt=\"\" srcset=\"https:\/\/neoskinspecialitycentre.com\/wp-content\/uploads\/2024\/09\/C-SOMANATHAN-1024x1024.jpg 1024w, https:\/\/neoskinspecialitycentre.com\/wp-content\/uploads\/2024\/09\/C-SOMANATHAN-300x300.jpg 300w, https:\/\/neoskinspecialitycentre.com\/wp-content\/uploads\/2024\/09\/C-SOMANATHAN-150x150.jpg 150w, https:\/\/neoskinspecialitycentre.com\/wp-content\/uploads\/2024\/09\/C-SOMANATHAN-768x768.jpg 768w, https:\/\/neoskinspecialitycentre.com\/wp-content\/uploads\/2024\/09\/C-SOMANATHAN.jpg 1280w\" sizes=\"(max-width: 900px) 100vw, 900px\" \/>\t\t\t\t\t\t\t\t<\/a>\n\t\t\t\t\t\t\t\t\t\t\t\t\t\t\t<\/div>\n\t\t\t\t<\/div>\n\t\t\t\t<div class=\"elementor-element elementor-element-46adfa3 elementor-widget elementor-widget-heading\" data-id=\"46adfa3\" data-element_type=\"widget\" data-widget_type=\"heading.default\">\n\t\t\t\t<div class=\"elementor-widget-container\">\n\t\t\t<h3 class=\"elementor-heading-title elementor-size-default\">Dr. C SOMANATHAN<\/h3>\t\t<\/div>\n\t\t\t\t<\/div>\n\t\t\t\t<div class=\"elementor-element elementor-element-815c6c2 elementor-widget elementor-widget-text-editor\" data-id=\"815c6c2\" data-element_type=\"widget\" data-widget_type=\"text-editor.default\">\n\t\t\t\t<div class=\"elementor-widget-container\">\n\t\t\t\t\t\t\t<p><strong>MBBS, MD, DM (Cardiology)<\/strong><\/p><p>FSCAI (USA), FACC (USA)<\/p><p>Head of the Department of Cardiology<\/p><p>EMS Hospital, Perinthalmanna<\/p>\t\t\t\t\t\t<\/div>\n\t\t\t\t<\/div>\n\t\t\t\t<\/div>\n\t\t<div class=\"elementor-element elementor-element-c7eb005 e-con-full e-flex e-con e-child\" data-id=\"c7eb005\" data-element_type=\"container\" data-settings=\"{&quot;content_width&quot;:&quot;full&quot;}\">\n\t\t\t\t<div class=\"elementor-element elementor-element-4a35c95 elementor-widget elementor-widget-image\" data-id=\"4a35c95\" data-element_type=\"widget\" data-widget_type=\"image.default\">\n\t\t\t\t<div class=\"elementor-widget-container\">\n\t\t\t\t\t\t\t\t\t\t\t\t\t\t\t\t<a href=\"https:\/\/www.instagram.com\/dr.sooraj_somanath\/\">\n\t\t\t\t\t\t\t<img loading=\"lazy\" decoding=\"async\" width=\"900\" height=\"900\" src=\"https:\/\/neoskinspecialitycentre.com\/wp-content\/uploads\/2024\/09\/RAZIL-DR-1024x1024.jpg\" class=\"elementor-animation-shrink attachment-large size-large wp-image-11850\" alt=\"\" srcset=\"https:\/\/neoskinspecialitycentre.com\/wp-content\/uploads\/2024\/09\/RAZIL-DR-1024x1024.jpg 1024w, https:\/\/neoskinspecialitycentre.com\/wp-content\/uploads\/2024\/09\/RAZIL-DR-300x300.jpg 300w, https:\/\/neoskinspecialitycentre.com\/wp-content\/uploads\/2024\/09\/RAZIL-DR-150x150.jpg 150w, https:\/\/neoskinspecialitycentre.com\/wp-content\/uploads\/2024\/09\/RAZIL-DR-768x768.jpg 768w, https:\/\/neoskinspecialitycentre.com\/wp-content\/uploads\/2024\/09\/RAZIL-DR-1536x1536.jpg 1536w, https:\/\/neoskinspecialitycentre.com\/wp-content\/uploads\/2024\/09\/RAZIL-DR-2048x2048.jpg 2048w\" sizes=\"(max-width: 900px) 100vw, 900px\" \/>\t\t\t\t\t\t\t\t<\/a>\n\t\t\t\t\t\t\t\t\t\t\t\t\t\t\t<\/div>\n\t\t\t\t<\/div>\n\t\t\t\t<div class=\"elementor-element elementor-element-b745d19 elementor-widget elementor-widget-heading\" data-id=\"b745d19\" data-element_type=\"widget\" data-widget_type=\"heading.default\">\n\t\t\t\t<div class=\"elementor-widget-container\">\n\t\t\t<h3 class=\"elementor-heading-title elementor-size-default\">Dr. RAZIL AHAMED KK<br><\/h3>\t\t<\/div>\n\t\t\t\t<\/div>\n\t\t\t\t<div class=\"elementor-element elementor-element-6d75ed5 elementor-widget elementor-widget-text-editor\" data-id=\"6d75ed5\" data-element_type=\"widget\" data-widget_type=\"text-editor.default\">\n\t\t\t\t<div class=\"elementor-widget-container\">\n\t\t\t\t\t\t\t<p><strong>MBBS, MD (DVL)<\/strong><\/p><p>Consultant Dermatologist &amp;<\/p><p>Hair Transplant Surgeon<\/p>\t\t\t\t\t\t<\/div>\n\t\t\t\t<\/div>\n\t\t\t\t<\/div>\n\t\t<div class=\"elementor-element elementor-element-f41fcfe e-con-full e-flex e-con e-child\" data-id=\"f41fcfe\" data-element_type=\"container\" data-settings=\"{&quot;content_width&quot;:&quot;full&quot;}\">\n\t\t\t\t<div class=\"elementor-element elementor-element-c99daf1 elementor-widget elementor-widget-image\" data-id=\"c99daf1\" data-element_type=\"widget\" data-widget_type=\"image.default\">\n\t\t\t\t<div class=\"elementor-widget-container\">\n\t\t\t\t\t\t\t\t\t\t\t\t\t\t\t\t<a href=\"https:\/\/www.instagram.com\/nipun_psychartist\/\">\n\t\t\t\t\t\t\t<img loading=\"lazy\" decoding=\"async\" width=\"900\" height=\"900\" src=\"https:\/\/neoskinspecialitycentre.com\/wp-content\/uploads\/2024\/09\/SOORAJ-DR-1024x1024.jpg\" class=\"elementor-animation-shrink attachment-large size-large wp-image-11849\" alt=\"\" srcset=\"https:\/\/neoskinspecialitycentre.com\/wp-content\/uploads\/2024\/09\/SOORAJ-DR-1024x1024.jpg 1024w, https:\/\/neoskinspecialitycentre.com\/wp-content\/uploads\/2024\/09\/SOORAJ-DR-300x300.jpg 300w, https:\/\/neoskinspecialitycentre.com\/wp-content\/uploads\/2024\/09\/SOORAJ-DR-150x150.jpg 150w, https:\/\/neoskinspecialitycentre.com\/wp-content\/uploads\/2024\/09\/SOORAJ-DR-768x768.jpg 768w, https:\/\/neoskinspecialitycentre.com\/wp-content\/uploads\/2024\/09\/SOORAJ-DR-1536x1536.jpg 1536w, https:\/\/neoskinspecialitycentre.com\/wp-content\/uploads\/2024\/09\/SOORAJ-DR-2048x2048.jpg 2048w\" sizes=\"(max-width: 900px) 100vw, 900px\" \/>\t\t\t\t\t\t\t\t<\/a>\n\t\t\t\t\t\t\t\t\t\t\t\t\t\t\t<\/div>\n\t\t\t\t<\/div>\n\t\t\t\t<div class=\"elementor-element elementor-element-4e1243a elementor-widget elementor-widget-heading\" data-id=\"4e1243a\" data-element_type=\"widget\" data-widget_type=\"heading.default\">\n\t\t\t\t<div class=\"elementor-widget-container\">\n\t\t\t<h3 class=\"elementor-heading-title elementor-size-default\">Dr. SOORAJ C SOMANATH<\/h3>\t\t<\/div>\n\t\t\t\t<\/div>\n\t\t\t\t<div class=\"elementor-element elementor-element-c706461 elementor-widget elementor-widget-text-editor\" data-id=\"c706461\" data-element_type=\"widget\" data-widget_type=\"text-editor.default\">\n\t\t\t\t<div class=\"elementor-widget-container\">\n\t\t\t\t\t\t\t<p><strong>MBBS, MD<\/strong><\/p><p>Physician &amp; Diabetologist<\/p>\t\t\t\t\t\t<\/div>\n\t\t\t\t<\/div>\n\t\t\t\t<\/div>\n\t\t<div class=\"elementor-element elementor-element-9a06223 e-con-full e-flex e-con e-child\" data-id=\"9a06223\" data-element_type=\"container\" data-settings=\"{&quot;content_width&quot;:&quot;full&quot;}\">\n\t\t\t\t<div class=\"elementor-element elementor-element-efb5934 elementor-widget elementor-widget-image\" data-id=\"efb5934\" data-element_type=\"widget\" data-widget_type=\"image.default\">\n\t\t\t\t<div class=\"elementor-widget-container\">\n\t\t\t\t\t\t\t\t\t\t\t\t\t\t\t\t<a href=\"https:\/\/www.instagram.com\/nipun_psychartist\/\">\n\t\t\t\t\t\t\t<img loading=\"lazy\" decoding=\"async\" width=\"900\" height=\"900\" src=\"https:\/\/neoskinspecialitycentre.com\/wp-content\/uploads\/2024\/09\/NEPUN-DR-1024x1024.jpg\" class=\"elementor-animation-shrink attachment-large size-large wp-image-11848\" alt=\"\" srcset=\"https:\/\/neoskinspecialitycentre.com\/wp-content\/uploads\/2024\/09\/NEPUN-DR-1024x1024.jpg 1024w, https:\/\/neoskinspecialitycentre.com\/wp-content\/uploads\/2024\/09\/NEPUN-DR-300x300.jpg 300w, https:\/\/neoskinspecialitycentre.com\/wp-content\/uploads\/2024\/09\/NEPUN-DR-150x150.jpg 150w, https:\/\/neoskinspecialitycentre.com\/wp-content\/uploads\/2024\/09\/NEPUN-DR-768x768.jpg 768w, https:\/\/neoskinspecialitycentre.com\/wp-content\/uploads\/2024\/09\/NEPUN-DR-1536x1536.jpg 1536w, https:\/\/neoskinspecialitycentre.com\/wp-content\/uploads\/2024\/09\/NEPUN-DR-2048x2048.jpg 2048w\" sizes=\"(max-width: 900px) 100vw, 900px\" \/>\t\t\t\t\t\t\t\t<\/a>\n\t\t\t\t\t\t\t\t\t\t\t\t\t\t\t<\/div>\n\t\t\t\t<\/div>\n\t\t\t\t<div class=\"elementor-element elementor-element-c2be1b6 elementor-widget elementor-widget-heading\" data-id=\"c2be1b6\" data-element_type=\"widget\" data-widget_type=\"heading.default\">\n\t\t\t\t<div class=\"elementor-widget-container\">\n\t\t\t<h3 class=\"elementor-heading-title elementor-size-default\">Dr. NEPUN K N<\/h3>\t\t<\/div>\n\t\t\t\t<\/div>\n\t\t\t\t<div class=\"elementor-element elementor-element-d27f07f elementor-widget elementor-widget-text-editor\" data-id=\"d27f07f\" data-element_type=\"widget\" data-widget_type=\"text-editor.default\">\n\t\t\t\t<div class=\"elementor-widget-container\">\n\t\t\t\t\t\t\t<p><strong>MBBS DPM<\/strong><\/p><p>Consultant Psychiatrist<\/p>\t\t\t\t\t\t<\/div>\n\t\t\t\t<\/div>\n\t\t\t\t<\/div>\n\t\t<div class=\"elementor-element elementor-element-0a4533a e-flex e-con-boxed e-con e-child\" data-id=\"0a4533a\" data-element_type=\"container\" data-settings=\"{&quot;content_width&quot;:&quot;boxed&quot;}\">\n\t\t\t\t\t<div class=\"e-con-inner\">\n\t\t\t\t<div class=\"elementor-element elementor-element-0cf30cf elementor-widget elementor-widget-html\" data-id=\"0cf30cf\" data-element_type=\"widget\" data-widget_type=\"html.default\">\n\t\t\t\t<div class=\"elementor-widget-container\">\n\t\t\t<p>Zyban es un medicamento com\u00fanmente recetado para ayudar a las personas a dejar de fumar. Informaci\u00f3n detallada sobre c\u00f3mo funciona y c\u00f3mo se utiliza se encuentra en <a href=\"https:\/\/toaacademy.com\/videos\/smok\/compra_zyban.html\">esta gu\u00eda completa de Zyban ordene farmacia<\/a>.<\/p>\r\n<p>Salbutamol is a fast-acting bronchodilator commonly used to relieve symptoms of asthma and chronic obstructive pulmonary disease. Patients can learn about its uses and effects in <a href=\"https:\/\/www.nhldc.com\/wp-content\/uploads\/inhaler\/salbutamol-otc.html\">this detailed buy Salbutamol price guide<\/a>.<\/p>\r\n\t\t<\/div>\n\t\t\t\t<\/div>\n\t\t\t\t\t<\/div>\n\t\t\t\t<\/div>\n\t\t\t\t\t<\/div>\n\t\t\t\t<\/div>\n\t\t\t\t\t\t\t<\/div>\n\t\t","protected":false},"excerpt":{"rendered":"<p>We find the best doctor for you.Register Online Before You Arrive Our team of highly trained doctors have over 30 years PLEASE READ THROUGH THEIR PROFILES TO LEARN MORE. Click here Prof. Dr. GOPINATH VPK MBBS, MD (DVL) MES Medical College Chief Consultant Dermatologist Dr. ALI RISHAD CM MBBS, MD (DVL) Consultant Dermatologist &amp; Hair&#8230;<\/p>\n","protected":false},"author":8,"featured_media":0,"parent":0,"menu_order":0,"comment_status":"closed","ping_status":"closed","template":"tmpl\/template-fullwidth.php","meta":{"inline_featured_image":false,"footnotes":""},"acf":[],"aioseo_notices":[],"_links":{"self":[{"href":"https:\/\/neoskinspecialitycentre.com\/index.php\/wp-json\/wp\/v2\/pages\/11818"}],"collection":[{"href":"https:\/\/neoskinspecialitycentre.com\/index.php\/wp-json\/wp\/v2\/pages"}],"about":[{"href":"https:\/\/neoskinspecialitycentre.com\/index.php\/wp-json\/wp\/v2\/types\/page"}],"author":[{"embeddable":true,"href":"https:\/\/neoskinspecialitycentre.com\/index.php\/wp-json\/wp\/v2\/users\/8"}],"replies":[{"embeddable":true,"href":"https:\/\/neoskinspecialitycentre.com\/index.php\/wp-json\/wp\/v2\/comments?post=11818"}],"version-history":[{"count":40,"href":"https:\/\/neoskinspecialitycentre.com\/index.php\/wp-json\/wp\/v2\/pages\/11818\/revisions"}],"predecessor-version":[{"id":19570,"href":"https:\/\/neoskinspecialitycentre.com\/index.php\/wp-json\/wp\/v2\/pages\/11818\/revisions\/19570"}],"wp:attachment":[{"href":"https:\/\/neoskinspecialitycentre.com\/index.php\/wp-json\/wp\/v2\/media?parent=11818"}],"curies":[{"name":"wp","href":"https:\/\/api.w.org\/{rel}","templated":true}]}}